{"id":16,"date":"2024-07-12T11:40:09","date_gmt":"2024-07-12T21:40:09","guid":{"rendered":"https:\/\/na-lei-aloha.staging.upspringsites.com\/?page_id=16"},"modified":"2024-07-23T07:53:11","modified_gmt":"2024-07-23T17:53:11","slug":"privacy-policy-2","status":"publish","type":"page","link":"https:\/\/naleialoha.com\/jp\/privacy-policy-2\/","title":{"rendered":"\u30d7\u30e9\u30a4\u30d0\u30b7\u30fc\u30dd\u30ea\u30b7\u30fc"},"content":{"rendered":"<h2>\u30d7\u30e9\u30a4\u30d0\u30b7\u30fc\u30dd\u30ea\u30b7\u30fc<\/h2>\n<p><strong>1.\u306f\u3058\u3081\u306b<\/strong><\/p>\n<p>naleialoha.com\u304b\u3089\u30a2\u30af\u30bb\u30b9\u53ef\u80fd\u306a\u30ca\u30fc\u30ec\u30a4\u30a2\u30ed\u30cf\u3067\u306f\u3001\u8a2a\u554f\u8005\u306e\u30d7\u30e9\u30a4\u30d0\u30b7\u30fc\u3092\u6700\u512a\u5148\u4e8b\u9805\u306e\u4e00\u3064\u3068\u3057\u3066\u3044\u307e\u3059\u3002\u3053\u306e\u30d7\u30e9\u30a4\u30d0\u30b7\u30fc\u30dd\u30ea\u30b7\u30fc\u306b\u306f\u3001N\u0101 Lei Aloha\u304c\u53ce\u96c6\u30fb\u8a18\u9332\u3059\u308b\u60c5\u5831\u306e\u7a2e\u985e\u3068\u305d\u306e\u4f7f\u7528\u65b9\u6cd5\u304c\u8a18\u8f09\u3055\u308c\u3066\u3044\u307e\u3059\u3002<\/p>\n<p>\u5f53\u793e\u306e\u500b\u4eba\u60c5\u5831\u4fdd\u8b77\u65b9\u91dd\u306b\u3064\u3044\u3066\u3054\u8cea\u554f\u304c\u3042\u308b\u5834\u5408\u3001\u307e\u305f\u306f\u8a73\u7d30\u60c5\u5831\u304c\u5fc5\u8981\u306a\u5834\u5408\u306f\u3001\u9060\u616e\u306a\u304f\u304a\u554f\u3044\u5408\u308f\u305b\u304f\u3060\u3055\u3044\u3002<\/p>\n<p><strong>2.\u5f53\u793e\u304c\u53ce\u96c6\u3059\u308b\u60c5\u5831<\/strong><\/p>\n<p>\u4f8b\u3048\u3070\u3001\u5f53\u793e\u306e\u30b5\u30fc\u30d3\u30b9\u3092\u63d0\u4f9b\u3059\u308b\u305f\u3081\u3001\u304a\u5ba2\u69d8\u3068\u9023\u7d61\u3092\u53d6\u308b\u305f\u3081\u3001\u5f53\u793e\u306e\u30b5\u30fc\u30d3\u30b9\u3092\u3088\u308a\u826f\u3044\u3082\u306e\u306b\u3059\u308b\u305f\u3081\u306a\u3069\u3067\u3059\u3002<\/p>\n<p>\u79c1\u305f\u3061\u306f\u3053\u306e\u60c5\u5831\u30923\u3064\u306e\u60c5\u5831\u6e90\u304b\u3089\u53ce\u96c6\u3057\u3066\u3044\u308b\uff1a<br \/>\n- \u304a\u5ba2\u69d8\u304c\u5f53\u793e\u306b\u76f4\u63a5\u63d0\u4f9b\u3055\u308c\u305f\u60c5\u5831<br \/>\n- \u304a\u5ba2\u69d8\u306e\u5f53\u793e\u30b5\u30fc\u30d3\u30b9\u306e\u3054\u5229\u7528\u3092\u76e3\u8996\u3059\u308b\u3053\u3068\u306b\u3088\u308a\u5f53\u793e\u304c\u53d6\u5f97\u3059\u308b\u60c5\u5831<br \/>\n- \u7b2c\u4e09\u8005\u304b\u3089\u5f97\u305f\u60c5\u5831<\/p>\n<p><strong>3.\u304a\u5ba2\u69d8\u306e\u60c5\u5831\u306e\u4f7f\u7528\u65b9\u6cd5<\/strong><\/p>\n<p>\u5f53\u793e\u306f\u3001\u53ce\u96c6\u3057\u305f\u60c5\u5831\u3092\u4ee5\u4e0b\u306e\u3088\u3046\u306a\u69d8\u3005\u306a\u65b9\u6cd5\u3067\u4f7f\u7528\u3057\u307e\u3059\uff1a<\/p>\n<p>- \u5f53\u793e\u30a6\u30a7\u30d6\u30b5\u30a4\u30c8\u306e\u63d0\u4f9b\u3001\u904b\u55b6\u3001\u7dad\u6301<br \/>\n- \u30a6\u30a7\u30d6\u30b5\u30a4\u30c8\u306e\u6539\u5584\u3001\u30d1\u30fc\u30bd\u30ca\u30e9\u30a4\u30ba\u3001\u62e1\u5927<br \/>\n- \u5f53\u793e\u30a6\u30a7\u30d6\u30b5\u30a4\u30c8\u306e\u5229\u7528\u72b6\u6cc1\u306e\u628a\u63e1\u3068\u5206\u6790<br \/>\n- \u65b0\u88fd\u54c1\u3001\u65b0\u30b5\u30fc\u30d3\u30b9\u3001\u65b0\u6a5f\u80fd\u306e\u958b\u767a<br \/>\n- \u30ab\u30b9\u30bf\u30de\u30fc\u30b5\u30fc\u30d3\u30b9\u3001\u30a6\u30a7\u30d6\u30b5\u30a4\u30c8\u306b\u95a2\u3059\u308b\u6700\u65b0\u60c5\u5831\u3084\u305d\u306e\u4ed6\u306e\u60c5\u5831\u306e\u63d0\u4f9b\u3001\u30de\u30fc\u30b1\u30c6\u30a3\u30f3\u30b0\u304a\u3088\u3073\u8ca9\u58f2\u4fc3\u9032\u306e\u76ee\u7684\u3067\u3001\u76f4\u63a5\u307e\u305f\u306f\u5f53\u793e\u306e\u30d1\u30fc\u30c8\u30ca\u30fc\u3092\u901a\u3058\u3066\u304a\u5ba2\u69d8\u3068\u9023\u7d61\u3092\u53d6\u308b\u3053\u3068\u3002<br \/>\n- E\u30e1\u30fc\u30eb\u3092\u9001\u308b<br \/>\n- \u4e0d\u6b63\u884c\u70ba\u306e\u767a\u898b\u3068\u9632\u6b62<\/p>\n<p><strong>4.\u30ed\u30b0\u30d5\u30a1\u30a4\u30eb<\/strong><\/p>\n<p>N\u0101 Lei Aloha\u306f\u3001\u30ed\u30b0\u30d5\u30a1\u30a4\u30eb\u3092\u4f7f\u7528\u3059\u308b\u6a19\u6e96\u7684\u306a\u624b\u9806\u306b\u5f93\u3063\u3066\u3044\u307e\u3059\u3002\u3053\u308c\u3089\u306e\u30d5\u30a1\u30a4\u30eb\u306f\u3001\u8a2a\u554f\u8005\u304c\u30a6\u30a7\u30d6\u30b5\u30a4\u30c8\u3092\u8a2a\u554f\u3057\u305f\u969b\u306e\u30ed\u30b0\u3092\u8a18\u9332\u3059\u308b\u3082\u306e\u3067\u3059\u3002\u3059\u3079\u3066\u306e\u30db\u30b9\u30c6\u30a3\u30f3\u30b0\u4f1a\u793e\u306f\u3053\u308c\u3092\u884c\u3044\u3001\u30db\u30b9\u30c6\u30a3\u30f3\u30b0\u30b5\u30fc\u30d3\u30b9\u306e\u5206\u6790\u306e\u4e00\u90e8\u3068\u306a\u3063\u3066\u3044\u307e\u3059\u3002\u30ed\u30b0\u30d5\u30a1\u30a4\u30eb\u306b\u3088\u3063\u3066\u53ce\u96c6\u3055\u308c\u308b\u60c5\u5831\u306b\u306f\u3001\u30a4\u30f3\u30bf\u30fc\u30cd\u30c3\u30c8\u30d7\u30ed\u30c8\u30b3\u30eb\uff08IP\uff09\u30a2\u30c9\u30ec\u30b9\u3001\u30d6\u30e9\u30a6\u30b6\u306e\u7a2e\u985e\u3001\u30a4\u30f3\u30bf\u30fc\u30cd\u30c3\u30c8\u30b5\u30fc\u30d3\u30b9\u30d7\u30ed\u30d0\u30a4\u30c0\uff08ISP\uff09\u3001\u65e5\u4ed8\u3068\u30bf\u30a4\u30e0\u30b9\u30bf\u30f3\u30d7\u3001\u53c2\u7167\/\u7d42\u4e86\u30da\u30fc\u30b8\u3001\u305d\u3057\u3066\u5834\u5408\u306b\u3088\u3063\u3066\u306f\u30af\u30ea\u30c3\u30af\u6570\u304c\u542b\u307e\u308c\u307e\u3059\u3002\u3053\u308c\u3089\u306f\u500b\u4eba\u3092\u7279\u5b9a\u3067\u304d\u308b\u60c5\u5831\u306b\u306f\u30ea\u30f3\u30af\u3055\u308c\u3066\u3044\u307e\u305b\u3093\u3002\u3053\u308c\u3089\u306e\u60c5\u5831\u306e\u76ee\u7684\u306f\u3001\u30c8\u30ec\u30f3\u30c9\u5206\u6790\u3001\u30b5\u30a4\u30c8\u306e\u7ba1\u7406\u3001\u30a6\u30a7\u30d6\u30b5\u30a4\u30c8\u4e0a\u3067\u306e\u30e6\u30fc\u30b6\u30fc\u306e\u52d5\u304d\u306e\u8ffd\u8de1\u3001\u4eba\u53e3\u7d71\u8a08\u5b66\u7684\u60c5\u5831\u306e\u53ce\u96c6\u3067\u3059\u3002<\/p>\n<p><strong>5.\u30af\u30c3\u30ad\u30fc\u3068\u30a6\u30a7\u30d6\u30d3\u30fc\u30b3\u30f3<\/strong><\/p>\n<p>\u4ed6\u306e\u30a6\u30a7\u30d6\u30b5\u30a4\u30c8\u3068\u540c\u69d8\u306b\u3001N\u0101 Lei Aloha\u3082\u300c\u30af\u30c3\u30ad\u30fc\u300d\u3092\u4f7f\u7528\u3057\u3066\u3044\u307e\u3059\u3002\u3053\u308c\u3089\u306e\u30af\u30c3\u30ad\u30fc\u306f\u3001\u8a2a\u554f\u8005\u306e\u597d\u307f\u3001\u8a2a\u554f\u8005\u304c\u30a2\u30af\u30bb\u30b9\u307e\u305f\u306f\u8a2a\u554f\u3057\u305f\u30a6\u30a7\u30d6\u30b5\u30a4\u30c8\u4e0a\u306e\u30da\u30fc\u30b8\u306a\u3069\u306e\u60c5\u5831\u3092\u4fdd\u5b58\u3059\u308b\u305f\u3081\u306b\u4f7f\u7528\u3055\u308c\u307e\u3059\u3002\u3053\u308c\u3089\u306e\u60c5\u5831\u306f\u3001\u8a2a\u554f\u8005\u306e\u30d6\u30e9\u30a6\u30b6\u306e\u7a2e\u985e\u3084\u305d\u306e\u4ed6\u306e\u60c5\u5831\u306b\u57fa\u3065\u3044\u3066\u30a6\u30a7\u30d6\u30da\u30fc\u30b8\u306e\u5185\u5bb9\u3092\u30ab\u30b9\u30bf\u30de\u30a4\u30ba\u3057\u3001\u30e6\u30fc\u30b6\u30fc\u306e\u4f53\u9a13\u3092\u6700\u9069\u5316\u3059\u308b\u305f\u3081\u306b\u4f7f\u7528\u3055\u308c\u307e\u3059\u3002<\/p>\n<p><strong>6.\u7b2c\u4e09\u8005\u306e\u30d7\u30e9\u30a4\u30d0\u30b7\u30fc\u30dd\u30ea\u30b7\u30fc<\/strong><\/p>\n<p>N\u0101 Lei Aloha\u306e\u30d7\u30e9\u30a4\u30d0\u30b7\u30fc\u30dd\u30ea\u30b7\u30fc\u306f\u3001\u4ed6\u306e\u5e83\u544a\u4e3b\u3084\u30a6\u30a7\u30d6\u30b5\u30a4\u30c8\u306b\u306f\u9069\u7528\u3055\u308c\u307e\u305b\u3093\u3002\u5f93\u3063\u3066\u3001\u3088\u308a\u8a73\u7d30\u306a\u60c5\u5831\u306b\u3064\u3044\u3066\u306f\u3001\u3053\u308c\u3089\u306e\u7b2c\u4e09\u8005\u5e83\u544a\u30b5\u30fc\u30d0\u30fc\u306e\u5404\u30d7\u30e9\u30a4\u30d0\u30b7\u30fc\u30dd\u30ea\u30b7\u30fc\u3092\u53c2\u7167\u3055\u308c\u308b\u3053\u3068\u3092\u304a\u52e7\u3081\u3057\u307e\u3059\u3002\u305d\u306e\u4e2d\u306b\u306f\u3001\u5e83\u544a\u4e3b\u304c\u884c\u3063\u3066\u3044\u308b\u6163\u884c\u3084\u3001\u7279\u5b9a\u306e\u30aa\u30d7\u30b7\u30e7\u30f3\u304b\u3089\u30aa\u30d7\u30c8\u30a2\u30a6\u30c8\u3059\u308b\u65b9\u6cd5\u306b\u3064\u3044\u3066\u306e\u8aac\u660e\u304c\u542b\u307e\u308c\u3066\u3044\u308b\u5834\u5408\u304c\u3042\u308a\u307e\u3059\u3002<\/p>\n<p><strong>7.\u5b50\u4f9b\u60c5\u5831<\/strong><\/p>\n<p>\u79c1\u305f\u3061\u306e\u512a\u5148\u4e8b\u9805\u306e\u3082\u3046\u3072\u3068\u3064\u306f\u3001\u30a4\u30f3\u30bf\u30fc\u30cd\u30c3\u30c8\u3092\u5229\u7528\u3059\u308b\u5b50\u3069\u3082\u305f\u3061\u3092\u4fdd\u8b77\u3059\u308b\u3053\u3068\u3067\u3059\u3002\u79c1\u305f\u3061\u306f\u3001\u4fdd\u8b77\u8005\u306e\u65b9\u304c\u304a\u5b50\u69d8\u306e\u30aa\u30f3\u30e9\u30a4\u30f3\u6d3b\u52d5\u3092\u89b3\u5bdf\u3001\u53c2\u52a0\u3001\u76e3\u8996\u3001\u6307\u5c0e\u3059\u308b\u3053\u3068\u3092\u5968\u52b1\u3057\u3066\u3044\u307e\u3059\u3002<\/p>\n<p>N\u0101 Lei Aloha\u306f\u300113\u6b73\u672a\u6e80\u306e\u304a\u5b50\u69d8\u304b\u3089\u610f\u56f3\u7684\u306b\u500b\u4eba\u3092\u7279\u5b9a\u3067\u304d\u308b\u60c5\u5831\u3092\u53ce\u96c6\u3059\u308b\u3053\u3068\u306f\u3042\u308a\u307e\u305b\u3093\u3002 \u304a\u5b50\u69d8\u304c\u5f53\u30a6\u30a7\u30d6\u30b5\u30a4\u30c8\u3067\u3053\u306e\u7a2e\u306e\u60c5\u5831\u3092\u63d0\u4f9b\u3057\u305f\u3068\u601d\u308f\u308c\u308b\u5834\u5408\u306f\u3001\u76f4\u3061\u306b\u5f53\u793e\u306b\u3054\u9023\u7d61\u304f\u3060\u3055\u3044\u3002<\/p>\n<p><strong>8.\u30aa\u30f3\u30e9\u30a4\u30f3\u30d7\u30e9\u30a4\u30d0\u30b7\u30fc\u30dd\u30ea\u30b7\u30fc\u306e\u307f<\/strong><\/p>\n<p>\u672c\u30d7\u30e9\u30a4\u30d0\u30b7\u30fc\u30dd\u30ea\u30b7\u30fc\u306f\u3001\u5f53\u793e\u306e\u30aa\u30f3\u30e9\u30a4\u30f3\u6d3b\u52d5\u306e\u307f\u306b\u9069\u7528\u3055\u308c\u3001\u5f53\u30a6\u30a7\u30d6\u30b5\u30a4\u30c8\u306e\u8a2a\u554f\u8005\u304cN\u0101 Lei Aloha\u3067\u5171\u6709\u304a\u3088\u3073\/\u307e\u305f\u306f\u53ce\u96c6\u3057\u305f\u60c5\u5831\u306b\u95a2\u3057\u3066\u6709\u52b9\u3067\u3059\u3002\u672c\u30dd\u30ea\u30b7\u30fc\u306f\u3001\u30aa\u30d5\u30e9\u30a4\u30f3\u307e\u305f\u306f\u5f53\u30a6\u30a7\u30d6\u30b5\u30a4\u30c8\u4ee5\u5916\u306e\u624b\u6bb5\u3067\u53ce\u96c6\u3055\u308c\u305f\u60c5\u5831\u306b\u306f\u9069\u7528\u3055\u308c\u307e\u305b\u3093\u3002<\/p>\n<p><strong>9.\u540c\u610f<\/strong><\/p>\n<p>\u5f53\u793e\u306e\u30a6\u30a7\u30d6\u30b5\u30a4\u30c8\u3092\u5229\u7528\u3059\u308b\u3053\u3068\u306b\u3088\u308a\u3001\u304a\u5ba2\u69d8\u306f\u5f53\u793e\u306e\u30d7\u30e9\u30a4\u30d0\u30b7\u30fc\u30dd\u30ea\u30b7\u30fc\u306b\u540c\u610f\u3057\u3001\u305d\u306e\u5229\u7528\u6761\u4ef6\u306b\u540c\u610f\u3057\u305f\u3082\u306e\u3068\u307f\u306a\u3055\u308c\u307e\u3059\u3002<\/p>\n<p><em>\u6700\u7d42\u66f4\u65b0\u65e52024\u5e747\u670817\u65e5<\/em><\/p>\n<p>\u672c\u30d7\u30e9\u30a4\u30d0\u30b7\u30fc\u30dd\u30ea\u30b7\u30fc\u306b\u95a2\u3059\u308b\u3054\u8cea\u554f\u306f\u3001\u4e0b\u8a18\u307e\u3067\u3054\u9023\u7d61\u304f\u3060\u3055\u3044\u3002 <a href=\"mailto:info@experiencekilohana.com\">info@\u30a8\u30af\u30b9\u30da\u30ea\u30a8\u30f3\u30b9\u30ad\u30ed\u30cf\u30ca<\/a>.<\/p>","protected":false},"excerpt":{"rendered":"<p>Privacy Policy for N\u0101 Lei Aloha 1. Introduction At N\u0101 Lei Aloha, accessible from naleialoha.com, one of our main priorities is the privacy of our visitors. This Privacy Policy document contains types of information that is collected and recorded by N\u0101 Lei Aloha and how we use it. If you have additional questions or require more information about our Privacy Policy, do not hesitate to contact us. 2. Information We Collect We only collect information about you if we have a reason to do so \u2014 for example, to provide our services, to communicate with you, or to make our services better. We collect this information from three sources: &#8211; [&hellip;]<\/p>\n","protected":false},"author":4,"featured_media":0,"parent":0,"menu_order":0,"comment_status":"closed","ping_status":"closed","template":"","meta":{"_acf_changed":false,"_et_pb_use_builder":"","_et_pb_old_content":"","_et_gb_content_width":"","inline_featured_image":false,"footnotes":""},"class_list":["post-16","page","type-page","status-publish","hentry"],"acf":[],"yoast_head":"<!-- This site is optimized with the Yoast SEO plugin v27.5 - https:\/\/yoast.com\/product\/yoast-seo-wordpress\/ -->\n<title>Privacy Policy - N\u0101 Lei Aloha<\/title>\n<meta name=\"robots\" content=\"index, follow, max-snippet:-1, max-image-preview:large, max-video-preview:-1\" \/>\n<link rel=\"canonical\" href=\"https:\/\/naleialoha.com\/jp\/privacy-policy-2\/\" \/>\n<meta property=\"og:locale\" content=\"ja_JP\" \/>\n<meta property=\"og:type\" content=\"article\" \/>\n<meta property=\"og:title\" content=\"Privacy Policy - N\u0101 Lei Aloha\" \/>\n<meta property=\"og:description\" content=\"Privacy Policy for N\u0101 Lei Aloha 1. Introduction At N\u0101 Lei Aloha, accessible from naleialoha.com, one of our main priorities is the privacy of our visitors. This Privacy Policy document contains types of information that is collected and recorded by N\u0101 Lei Aloha and how we use it. If you have additional questions or require more information about our Privacy Policy, do not hesitate to contact us. 2. Information We Collect We only collect information about you if we have a reason to do so \u2014 for example, to provide our services, to communicate with you, or to make our services better. We collect this information from three sources: &#8211; [&hellip;]\" \/>\n<meta property=\"og:url\" content=\"https:\/\/naleialoha.com\/jp\/privacy-policy-2\/\" \/>\n<meta property=\"og:site_name\" content=\"N\u0101 Lei Aloha\" \/>\n<meta property=\"article:modified_time\" content=\"2024-07-23T17:53:11+00:00\" \/>\n<meta name=\"twitter:card\" content=\"summary_large_image\" \/>\n<meta name=\"twitter:label1\" content=\"\u63a8\u5b9a\u8aad\u307f\u53d6\u308a\u6642\u9593\" \/>\n\t<meta name=\"twitter:data1\" content=\"3\u5206\" \/>\n<script type=\"application\/ld+json\" class=\"yoast-schema-graph\">{\"@context\":\"https:\\\/\\\/schema.org\",\"@graph\":[{\"@type\":\"WebPage\",\"@id\":\"https:\\\/\\\/naleialoha.com\\\/privacy-policy-2\\\/\",\"url\":\"https:\\\/\\\/naleialoha.com\\\/privacy-policy-2\\\/\",\"name\":\"Privacy Policy - N\u0101 Lei Aloha\",\"isPartOf\":{\"@id\":\"https:\\\/\\\/naleialoha.com\\\/#website\"},\"datePublished\":\"2024-07-12T21:40:09+00:00\",\"dateModified\":\"2024-07-23T17:53:11+00:00\",\"breadcrumb\":{\"@id\":\"https:\\\/\\\/naleialoha.com\\\/privacy-policy-2\\\/#breadcrumb\"},\"inLanguage\":\"ja\",\"potentialAction\":[{\"@type\":\"ReadAction\",\"target\":[\"https:\\\/\\\/naleialoha.com\\\/privacy-policy-2\\\/\"]}]},{\"@type\":\"BreadcrumbList\",\"@id\":\"https:\\\/\\\/naleialoha.com\\\/privacy-policy-2\\\/#breadcrumb\",\"itemListElement\":[{\"@type\":\"ListItem\",\"position\":1,\"name\":\"Home\",\"item\":\"https:\\\/\\\/naleialoha.com\\\/\"},{\"@type\":\"ListItem\",\"position\":2,\"name\":\"Privacy Policy\"}]},{\"@type\":\"WebSite\",\"@id\":\"https:\\\/\\\/naleialoha.com\\\/#website\",\"url\":\"https:\\\/\\\/naleialoha.com\\\/\",\"name\":\"N\u0101 Lei Aloha\",\"description\":\"Celebrating Hawai\u02bbi\u02bbs Unique Expression of Love\",\"publisher\":{\"@id\":\"https:\\\/\\\/naleialoha.com\\\/#organization\"},\"potentialAction\":[{\"@type\":\"SearchAction\",\"target\":{\"@type\":\"EntryPoint\",\"urlTemplate\":\"https:\\\/\\\/naleialoha.com\\\/?s={search_term_string}\"},\"query-input\":{\"@type\":\"PropertyValueSpecification\",\"valueRequired\":true,\"valueName\":\"search_term_string\"}}],\"inLanguage\":\"ja\"},{\"@type\":\"Organization\",\"@id\":\"https:\\\/\\\/naleialoha.com\\\/#organization\",\"name\":\"N\u0101 Lei Aloha\",\"url\":\"https:\\\/\\\/naleialoha.com\\\/\",\"logo\":{\"@type\":\"ImageObject\",\"inLanguage\":\"ja\",\"@id\":\"https:\\\/\\\/naleialoha.com\\\/#\\\/schema\\\/logo\\\/image\\\/\",\"url\":\"https:\\\/\\\/naleialoha.com\\\/wp-content\\\/uploads\\\/2024\\\/07\\\/logo.svg\",\"contentUrl\":\"https:\\\/\\\/naleialoha.com\\\/wp-content\\\/uploads\\\/2024\\\/07\\\/logo.svg\",\"width\":\"1024\",\"height\":\"1024\",\"caption\":\"N\u0101 Lei Aloha\"},\"image\":{\"@id\":\"https:\\\/\\\/naleialoha.com\\\/#\\\/schema\\\/logo\\\/image\\\/\"},\"sameAs\":[\"https:\\\/\\\/www.instagram.com\\\/naleialohaluau\\\/\"]}]}<\/script>\n<!-- \/ Yoast SEO plugin. -->","yoast_head_json":{"title":"Privacy Policy - N\u0101 Lei Aloha","robots":{"index":"index","follow":"follow","max-snippet":"max-snippet:-1","max-image-preview":"max-image-preview:large","max-video-preview":"max-video-preview:-1"},"canonical":"https:\/\/naleialoha.com\/jp\/privacy-policy-2\/","og_locale":"ja_JP","og_type":"article","og_title":"Privacy Policy - N\u0101 Lei Aloha","og_description":"Privacy Policy for N\u0101 Lei Aloha 1. Introduction At N\u0101 Lei Aloha, accessible from naleialoha.com, one of our main priorities is the privacy of our visitors. This Privacy Policy document contains types of information that is collected and recorded by N\u0101 Lei Aloha and how we use it. If you have additional questions or require more information about our Privacy Policy, do not hesitate to contact us. 2. Information We Collect We only collect information about you if we have a reason to do so \u2014 for example, to provide our services, to communicate with you, or to make our services better. We collect this information from three sources: &#8211; [&hellip;]","og_url":"https:\/\/naleialoha.com\/jp\/privacy-policy-2\/","og_site_name":"N\u0101 Lei Aloha","article_modified_time":"2024-07-23T17:53:11+00:00","twitter_card":"summary_large_image","twitter_misc":{"\u63a8\u5b9a\u8aad\u307f\u53d6\u308a\u6642\u9593":"3\u5206"},"schema":{"@context":"https:\/\/schema.org","@graph":[{"@type":"WebPage","@id":"https:\/\/naleialoha.com\/privacy-policy-2\/","url":"https:\/\/naleialoha.com\/privacy-policy-2\/","name":"Privacy Policy - N\u0101 Lei Aloha","isPartOf":{"@id":"https:\/\/naleialoha.com\/#website"},"datePublished":"2024-07-12T21:40:09+00:00","dateModified":"2024-07-23T17:53:11+00:00","breadcrumb":{"@id":"https:\/\/naleialoha.com\/privacy-policy-2\/#breadcrumb"},"inLanguage":"ja","potentialAction":[{"@type":"ReadAction","target":["https:\/\/naleialoha.com\/privacy-policy-2\/"]}]},{"@type":"BreadcrumbList","@id":"https:\/\/naleialoha.com\/privacy-policy-2\/#breadcrumb","itemListElement":[{"@type":"ListItem","position":1,"name":"Home","item":"https:\/\/naleialoha.com\/"},{"@type":"ListItem","position":2,"name":"Privacy Policy"}]},{"@type":"WebSite","@id":"https:\/\/naleialoha.com\/#website","url":"https:\/\/naleialoha.com\/","name":"\u30ca\u30fc\u30fb\u30ec\u30a4\u30fb\u30a2\u30ed\u30cf","description":"\u30cf\u30ef\u30a4\u72ec\u81ea\u306e\u611b\u306e\u8868\u73fe\u3092\u795d\u3046","publisher":{"@id":"https:\/\/naleialoha.com\/#organization"},"potentialAction":[{"@type":"SearchAction","target":{"@type":"EntryPoint","urlTemplate":"https:\/\/naleialoha.com\/?s={search_term_string}"},"query-input":{"@type":"PropertyValueSpecification","valueRequired":true,"valueName":"search_term_string"}}],"inLanguage":"ja"},{"@type":"Organization","@id":"https:\/\/naleialoha.com\/#organization","name":"\u30ca\u30fc\u30fb\u30ec\u30a4\u30fb\u30a2\u30ed\u30cf","url":"https:\/\/naleialoha.com\/","logo":{"@type":"ImageObject","inLanguage":"ja","@id":"https:\/\/naleialoha.com\/#\/schema\/logo\/image\/","url":"https:\/\/naleialoha.com\/wp-content\/uploads\/2024\/07\/logo.svg","contentUrl":"https:\/\/naleialoha.com\/wp-content\/uploads\/2024\/07\/logo.svg","width":"1024","height":"1024","caption":"N\u0101 Lei Aloha"},"image":{"@id":"https:\/\/naleialoha.com\/#\/schema\/logo\/image\/"},"sameAs":["https:\/\/www.instagram.com\/naleialohaluau\/"]}]}},"_links":{"self":[{"href":"https:\/\/naleialoha.com\/jp\/wp-json\/wp\/v2\/pages\/16","targetHints":{"allow":["GET"]}}],"collection":[{"href":"https:\/\/naleialoha.com\/jp\/wp-json\/wp\/v2\/pages"}],"about":[{"href":"https:\/\/naleialoha.com\/jp\/wp-json\/wp\/v2\/types\/page"}],"author":[{"embeddable":true,"href":"https:\/\/naleialoha.com\/jp\/wp-json\/wp\/v2\/users\/4"}],"replies":[{"embeddable":true,"href":"https:\/\/naleialoha.com\/jp\/wp-json\/wp\/v2\/comments?post=16"}],"version-history":[{"count":3,"href":"https:\/\/naleialoha.com\/jp\/wp-json\/wp\/v2\/pages\/16\/revisions"}],"predecessor-version":[{"id":712,"href":"https:\/\/naleialoha.com\/jp\/wp-json\/wp\/v2\/pages\/16\/revisions\/712"}],"wp:attachment":[{"href":"https:\/\/naleialoha.com\/jp\/wp-json\/wp\/v2\/media?parent=16"}],"curies":[{"name":"wp","href":"https:\/\/api.w.org\/{rel}","templated":true}]}}