{"id":16,"date":"2024-07-12T11:40:09","date_gmt":"2024-07-12T21:40:09","guid":{"rendered":"https:\/\/na-lei-aloha.staging.upspringsites.com\/?page_id=16"},"modified":"2024-07-23T07:53:11","modified_gmt":"2024-07-23T17:53:11","slug":"privacy-policy-2","status":"publish","type":"page","link":"https:\/\/naleialoha.com\/kr\/privacy-policy-2\/","title":{"rendered":"\uac1c\uc778\uc815\ubcf4 \ubcf4\ud638\uc815\ucc45"},"content":{"rendered":"<h2>\ub098 \ub808\uc774 \uc54c\ub85c\ud558 \uac1c\uc778\uc815\ubcf4 \ubcf4\ud638\uc815\ucc45<\/h2>\n<p><strong>1. \uc18c\uac1c<\/strong><\/p>\n<p>naleialoha.com\uc5d0\uc11c \uc811\uc18d\ud560 \uc218 \uc788\ub294 \ub098\ub808\uc774 \uc54c\ub85c\ud558\uc5d0\uc11c\ub294 \ubc29\ubb38\uc790\uc758 \uac1c\uc778\uc815\ubcf4 \ubcf4\ud638\ub97c \ucd5c\uc6b0\uc120 \uacfc\uc81c\ub85c \uc0bc\uace0 \uc788\uc2b5\ub2c8\ub2e4. \ubcf8 \uac1c\uc778\uc815\ubcf4 \ubcf4\ud638\uc815\ucc45 \ubb38\uc11c\uc5d0\ub294 \ub098\ub808\uc774 \uc54c\ub85c\ud558\uc5d0\uc11c \uc218\uc9d1 \ubc0f \uae30\ub85d\ud558\ub294 \uc815\ubcf4\uc758 \uc720\ud615\uacfc \uadf8 \uc0ac\uc6a9 \ubc29\ubc95\uc774 \ud3ec\ud568\ub418\uc5b4 \uc788\uc2b5\ub2c8\ub2e4.<\/p>\n<p>\ucd94\uac00 \uc9c8\ubb38\uc774 \uc788\uac70\ub098 \uac1c\uc778\uc815\ubcf4 \ucc98\ub9ac\ubc29\uce68\uc5d0 \ub300\ud55c \uc790\uc138\ud55c \uc815\ubcf4\uac00 \ud544\uc694\ud55c \uacbd\uc6b0 \uc5b8\uc81c\ub4e0\uc9c0 \ubb38\uc758\ud574 \uc8fc\uc138\uc694.<\/p>\n<p><strong>2. \ub2f9\uc0ac\uac00 \uc218\uc9d1\ud558\ub294 \uc815\ubcf4<\/strong><\/p>\n<p>\ub2f9\uc0ac\ub294 \uc11c\ube44\uc2a4\ub97c \uc81c\uacf5\ud558\uac70\ub098, \uc0ac\uc6a9\uc790\uc640 \uc18c\ud1b5\ud558\uac70\ub098, \uc11c\ube44\uc2a4\ub97c \uac1c\uc120\ud558\uae30 \uc704\ud574 \ub4f1 \ub2f9\uc0ac\uac00 \uc815\ubcf4\ub97c \uc218\uc9d1\ud574\uc57c \ud560 \uc774\uc720\uac00 \uc788\ub294 \uacbd\uc6b0\uc5d0\ub9cc \uc0ac\uc6a9\uc790\uc5d0 \ub300\ud55c \uc815\ubcf4\ub97c \uc218\uc9d1\ud569\ub2c8\ub2e4.<\/p>\n<p>\ub2f9\uc0ac\ub294 \uc138 \uac00\uc9c0 \ucd9c\ucc98\uc5d0\uc11c \uc774 \uc815\ubcf4\ub97c \uc218\uc9d1\ud569\ub2c8\ub2e4:<br \/>\n- \uadc0\ud558\uac00 \ub2f9\uc0ac\uc5d0 \uc9c1\uc811 \uc81c\uacf5\ud558\ub294 \uc815\ubcf4<br \/>\n- \ub2f9\uc0ac\uac00 \uadc0\ud558\uc758 \uc11c\ube44\uc2a4 \uc0ac\uc6a9\uc744 \uad00\ucc30\ud558\uc5ec \uc5bb\uc740 \uc815\ubcf4<br \/>\n- \uc81c3\uc790\ub85c\ubd80\ud130 \ubc1b\uc740 \uc815\ubcf4<\/p>\n<p><strong>3. \ub2f9\uc0ac\uac00 \uadc0\ud558\uc758 \uc815\ubcf4\ub97c \uc0ac\uc6a9\ud558\ub294 \ubc29\ubc95<\/strong><\/p>\n<p>\ub2f9\uc0ac\ub294 \uc218\uc9d1\ud55c \uc815\ubcf4\ub97c \ub2e4\uc74c\uacfc \uac19\uc740 \ub2e4\uc591\ud55c \ubc29\uc2dd\uc73c\ub85c \uc0ac\uc6a9\ud569\ub2c8\ub2e4:<\/p>\n<p>- \uc6f9\uc0ac\uc774\ud2b8 \uc81c\uacf5, \uc6b4\uc601 \ubc0f \uc720\uc9c0 \uad00\ub9ac<br \/>\n- \uc6f9\uc0ac\uc774\ud2b8 \uac1c\uc120, \uac1c\uc778\ud654 \ubc0f \ud655\uc7a5<br \/>\n- \uc6f9\uc0ac\uc774\ud2b8 \uc0ac\uc6a9 \ubc29\uc2dd \uc774\ud574 \ubc0f \ubd84\uc11d<br \/>\n- \uc0c8\ub85c\uc6b4 \uc81c\ud488, \uc11c\ube44\uc2a4, \uae30\ub2a5 \ubc0f \uae30\ub2a5 \uac1c\ubc1c<br \/>\n- \uace0\uac1d \uc11c\ube44\uc2a4, \uc6f9\uc0ac\uc774\ud2b8\uc640 \uad00\ub828\ub41c \uc5c5\ub370\uc774\ud2b8 \ubc0f \uae30\ud0c0 \uc815\ubcf4 \uc81c\uacf5, \ub9c8\ucf00\ud305 \ubc0f \ud64d\ubcf4 \ubaa9\uc801\uc73c\ub85c \uc9c1\uc811 \ub610\ub294 \ub2f9\uc0ac\uc758 \ud30c\ud2b8\ub108\ub97c \ud1b5\ud574 \uadc0\ud558\uc640 \uc18c\ud1b5\ud569\ub2c8\ub2e4.<br \/>\n- \uc774\uba54\uc77c \ubcf4\ub0b4\uae30<br \/>\n- \uc0ac\uae30 \ucc3e\uae30 \ubc0f \uc608\ubc29<\/p>\n<p><strong>4. \ub85c\uadf8 \ud30c\uc77c<\/strong><\/p>\n<p>\ub098 \ub808\uc774 \uc54c\ub85c\ud558\ub294 \ub85c\uadf8 \ud30c\uc77c \uc0ac\uc6a9\uc758 \ud45c\uc900 \uc808\ucc28\ub97c \ub530\ub985\ub2c8\ub2e4. \uc774\ub7ec\ud55c \ud30c\uc77c\uc740 \ubc29\ubb38\uc790\uac00 \uc6f9\uc0ac\uc774\ud2b8\ub97c \ubc29\ubb38\ud560 \ub54c \ubc29\ubb38\uc790\ub97c \uae30\ub85d\ud569\ub2c8\ub2e4. \ubaa8\ub4e0 \ud638\uc2a4\ud305 \ud68c\uc0ac\ub294 \uc774 \uc791\uc5c5\uc744 \uc218\ud589\ud558\uba70 \ud638\uc2a4\ud305 \uc11c\ube44\uc2a4 \ubd84\uc11d\uc758 \uc77c\ubd80\uc785\ub2c8\ub2e4. \ub85c\uadf8 \ud30c\uc77c\uc5d0\uc11c \uc218\uc9d1\ud558\ub294 \uc815\ubcf4\uc5d0\ub294 \uc778\ud130\ub137 \ud504\ub85c\ud1a0\ucf5c(IP) \uc8fc\uc18c, \ube0c\ub77c\uc6b0\uc800 \uc720\ud615, \uc778\ud130\ub137 \uc11c\ube44\uc2a4 \uc81c\uacf5\uc5c5\uccb4(ISP), \ub0a0\uc9dc \ubc0f \ud0c0\uc784\uc2a4\ud0ec\ud504, \ucc38\uc870\/\uc885\ub8cc \ud398\uc774\uc9c0, \ud074\ub9ad \ud69f\uc218 \ub4f1\uc774 \ud3ec\ud568\ub429\ub2c8\ub2e4. \uc774\ub7ec\ud55c \uc815\ubcf4\ub294 \uac1c\uc778\uc744 \uc2dd\ubcc4\ud560 \uc218 \uc788\ub294 \uc5b4\ub5a0\ud55c \uc815\ubcf4\uc5d0\ub3c4 \uc5f0\uacb0\ub418\uc9c0 \uc54a\uc2b5\ub2c8\ub2e4. \uc774\ub7ec\ud55c \uc815\ubcf4\uc758 \ubaa9\uc801\uc740 \ud2b8\ub80c\ub4dc \ubd84\uc11d, \uc0ac\uc774\ud2b8 \uad00\ub9ac, \uc6f9\uc0ac\uc774\ud2b8\uc5d0\uc11c\uc758 \uc0ac\uc6a9\uc790 \uc774\ub3d9 \ucd94\uc801, \uc778\uad6c\ud1b5\uacc4\ud559\uc801 \uc815\ubcf4 \uc218\uc9d1\uc744 \uc704\ud55c \uac83\uc785\ub2c8\ub2e4.<\/p>\n<p><strong>5. \ucfe0\ud0a4 \ubc0f \uc6f9 \ube44\ucf58<\/strong><\/p>\n<p>\ub2e4\ub978 \uc6f9\uc0ac\uc774\ud2b8\uc640 \ub9c8\ucc2c\uac00\uc9c0\ub85c \ub098 \ub808\uc774 \uc54c\ub85c\ud558\ub3c4 '\ucfe0\ud0a4'\ub97c \uc0ac\uc6a9\ud569\ub2c8\ub2e4. \uc774\ub7ec\ud55c \ucfe0\ud0a4\ub294 \ubc29\ubb38\uc790\uc758 \uae30\ubcf8 \uc124\uc815, \ubc29\ubb38\uc790\uac00 \uc561\uc138\uc2a4\ud558\uac70\ub098 \ubc29\ubb38\ud55c \uc6f9\uc0ac\uc774\ud2b8 \ud398\uc774\uc9c0 \ub4f1\uc758 \uc815\ubcf4\ub97c \uc800\uc7a5\ud558\ub294 \ub370 \uc0ac\uc6a9\ub429\ub2c8\ub2e4. \uc774 \uc815\ubcf4\ub294 \ubc29\ubb38\uc790\uc758 \ube0c\ub77c\uc6b0\uc800 \uc720\ud615 \ubc0f\/\ub610\ub294 \uae30\ud0c0 \uc815\ubcf4\ub97c \uae30\ubc18\uc73c\ub85c \uc6f9 \ud398\uc774\uc9c0 \ucf58\ud150\uce20\ub97c \ub9de\ucda4\ud654\ud558\uc5ec \uc0ac\uc6a9\uc790 \uacbd\ud5d8\uc744 \ucd5c\uc801\ud654\ud558\ub294 \ub370 \uc0ac\uc6a9\ub429\ub2c8\ub2e4.<\/p>\n<p><strong>6. \ud0c0\uc0ac \uac1c\uc778\uc815\ubcf4 \ucc98\ub9ac\ubc29\uce68<\/strong><\/p>\n<p>\ub098 \ub808\uc774 \uc54c\ub85c\ud558\uc758 \uac1c\uc778\uc815\ubcf4 \ucc98\ub9ac\ubc29\uce68\uc740 \ub2e4\ub978 \uad11\uace0\uc8fc\ub098 \uc6f9\uc0ac\uc774\ud2b8\uc5d0\ub294 \uc801\uc6a9\ub418\uc9c0 \uc54a\uc2b5\ub2c8\ub2e4. \ub530\ub77c\uc11c \ub354 \uc790\uc138\ud55c \uc815\ubcf4\ub294 \uc774\ub7ec\ud55c \ud0c0\uc0ac \uad11\uace0 \uc11c\ubc84\uc758 \uac01 \uac1c\uc778\uc815\ubcf4 \ucc98\ub9ac\ubc29\uce68\uc744 \ucc38\uc870\ud558\uc2dc\uae30 \ubc14\ub78d\ub2c8\ub2e4. \uc5ec\uae30\uc5d0\ub294 \ud574\ub2f9 \uad11\uace0 \uc11c\ubc84\uc758 \uad00\ud589\uacfc \ud2b9\uc815 \uc635\uc158\uc744 \uac70\ubd80\ud558\ub294 \ubc29\ubc95\uc5d0 \ub300\ud55c \uc9c0\uce68\uc774 \ud3ec\ud568\ub420 \uc218 \uc788\uc2b5\ub2c8\ub2e4.<\/p>\n<p><strong>7. \uc5b4\ub9b0\uc774 \uc815\ubcf4<\/strong><\/p>\n<p>\ub610 \ub2e4\ub978 \uc6b0\uc120\uc21c\uc704 \uc911 \ud558\ub098\ub294 \uc778\ud130\ub137\uc744 \uc0ac\uc6a9\ud558\ub294 \ub3d9\uc548 \uc5b4\ub9b0\uc774\ub97c \ubcf4\ud638\ud558\ub294 \uac83\uc785\ub2c8\ub2e4. \ubd80\ubaa8\uc640 \ubcf4\ud638\uc790\uac00 \uc790\ub140\uc758 \uc628\ub77c\uc778 \ud65c\ub3d9\uc744 \uad00\ucc30\ud558\uace0, \ucc38\uc5ec\ud558\uba70, \ubaa8\ub2c8\ud130\ub9c1\ud558\uace0 \uc9c0\ub3c4\ud558\ub294 \uac83\uc774 \uc88b\uc2b5\ub2c8\ub2e4.<\/p>\n<p>\ub098 \ub808\uc774 \uc54c\ub85c\ud558\ub294 \ub9cc 13\uc138 \ubbf8\ub9cc\uc758 \uc5b4\ub9b0\uc774\ub85c\ubd80\ud130 \uace0\uc758\ub85c \uac1c\uc778 \uc2dd\ubcc4 \uc815\ubcf4\ub97c \uc218\uc9d1\ud558\uc9c0 \uc54a\uc2b5\ub2c8\ub2e4. \uc790\ub140\uac00 \ub2f9\uc0ac \uc6f9\uc0ac\uc774\ud2b8\uc5d0\uc11c \uc774\ub7ec\ud55c \uc885\ub958\uc758 \uc815\ubcf4\ub97c \uc81c\uacf5\ud588\ub2e4\uace0 \uc0dd\uac01\ub418\uba74 \uc989\uc2dc \ub2f9\uc0ac\uc5d0 \uc5f0\ub77d\ud574 \uc8fc\uc2dc\uba74 \ub2f9\uc0ac \uae30\ub85d\uc5d0\uc11c \ud574\ub2f9 \uc815\ubcf4\ub97c \uc989\uc2dc \uc0ad\uc81c\ud558\uae30 \uc704\ud574 \ucd5c\uc120\uc744 \ub2e4\ud558\uaca0\uc2b5\ub2c8\ub2e4.<\/p>\n<p><strong>8. \uc628\ub77c\uc778 \uac1c\uc778\uc815\ubcf4 \ubcf4\ud638\uc815\ucc45\ub9cc \ud574\ub2f9<\/strong><\/p>\n<p>\ubcf8 \uac1c\uc778\uc815\ubcf4 \ucc98\ub9ac\ubc29\uce68\uc740 \ub2f9\uc0ac\uc758 \uc628\ub77c\uc778 \ud65c\ub3d9\uc5d0\ub9cc \uc801\uc6a9\ub418\uba70, \ub2f9\uc0ac \uc6f9\uc0ac\uc774\ud2b8 \ubc29\ubb38\uc790\uac00 \ub098 \ub808\uc774 \uc54c\ub85c\ud558\uc5d0\uc11c \uacf5\uc720 \ubc0f\/\ub610\ub294 \uc218\uc9d1\ud55c \uc815\ubcf4\uc640 \uad00\ub828\ud558\uc5ec \ub2f9\uc0ac \uc6f9\uc0ac\uc774\ud2b8 \ubc29\ubb38\uc790\uc5d0\uac8c \uc720\ud6a8\ud569\ub2c8\ub2e4. \uc774 \uc815\ucc45\uc740 \uc624\ud504\ub77c\uc778 \ub610\ub294 \ubcf8 \uc6f9\uc0ac\uc774\ud2b8 \uc774\uc678\uc758 \ucc44\ub110\uc744 \ud1b5\ud574 \uc218\uc9d1\ub41c \uc815\ubcf4\uc5d0\ub294 \uc801\uc6a9\ub418\uc9c0 \uc54a\uc2b5\ub2c8\ub2e4.<\/p>\n<p><strong>9. \ub3d9\uc758<\/strong><\/p>\n<p>\ub2f9\uc0ac \uc6f9\uc0ac\uc774\ud2b8\ub97c \uc774\uc6a9\ud568\uc73c\ub85c\uc368 \uadc0\ud558\ub294 \ub2f9\uc0ac\uc758 \uac1c\uc778\uc815\ubcf4 \ucde8\uae09\ubc29\uce68\uc5d0 \ub3d9\uc758\ud558\uace0 \uc774\uc6a9\uc57d\uad00\uc5d0 \ub3d9\uc758\ud558\ub294 \uac83\uc73c\ub85c \uac04\uc8fc\ub429\ub2c8\ub2e4.<\/p>\n<p><em>\ub9c8\uc9c0\ub9c9 \uc5c5\ub370\uc774\ud2b8: 7\uc6d4 17, 2024<\/em><\/p>\n<p>\ubcf8 \uac1c\uc778\uc815\ubcf4 \ubcf4\ud638\uc815\ucc45\uc5d0 \ub300\ud574 \uad81\uae08\ud55c \uc810\uc774 \uc788\uc73c\uba74 \ub2e4\uc74c \uc5f0\ub77d\ucc98\ub85c \ubb38\uc758\ud558\uc2dc\uae30 \ubc14\ub78d\ub2c8\ub2e4. <a href=\"mailto:info@experiencekilohana.com\">\uc815\ubcf4 @ \uacbd\ud5d8 \ud0ac\ub85c\ud558\ub098<\/a>.<\/p>","protected":false},"excerpt":{"rendered":"<p>Privacy Policy for N\u0101 Lei Aloha 1. Introduction At N\u0101 Lei Aloha, accessible from naleialoha.com, one of our main priorities is the privacy of our visitors. This Privacy Policy document contains types of information that is collected and recorded by N\u0101 Lei Aloha and how we use it. If you have additional questions or require [&hellip;]<\/p>\n","protected":false},"author":4,"featured_media":0,"parent":0,"menu_order":0,"comment_status":"closed","ping_status":"closed","template":"","meta":{"_acf_changed":false,"_et_pb_use_builder":"","_et_pb_old_content":"","_et_gb_content_width":"","inline_featured_image":false,"footnotes":""},"class_list":["post-16","page","type-page","status-publish","hentry"],"acf":[],"yoast_head":"<!-- This site is optimized with the Yoast SEO plugin v27.6 - https:\/\/yoast.com\/product\/yoast-seo-wordpress\/ -->\n<title>Privacy Policy - N\u0101 Lei Aloha<\/title>\n<meta name=\"robots\" content=\"index, follow, max-snippet:-1, max-image-preview:large, max-video-preview:-1\" \/>\n<link rel=\"canonical\" href=\"https:\/\/naleialoha.com\/kr\/privacy-policy-2\/\" \/>\n<meta property=\"og:locale\" content=\"ko_KR\" \/>\n<meta property=\"og:type\" content=\"article\" \/>\n<meta property=\"og:title\" content=\"Privacy Policy - N\u0101 Lei Aloha\" \/>\n<meta property=\"og:description\" content=\"Privacy Policy for N\u0101 Lei Aloha 1. Introduction At N\u0101 Lei Aloha, accessible from naleialoha.com, one of our main priorities is the privacy of our visitors. This Privacy Policy document contains types of information that is collected and recorded by N\u0101 Lei Aloha and how we use it. If you have additional questions or require [&hellip;]\" \/>\n<meta property=\"og:url\" content=\"https:\/\/naleialoha.com\/kr\/privacy-policy-2\/\" \/>\n<meta property=\"og:site_name\" content=\"N\u0101 Lei Aloha\" \/>\n<meta property=\"article:modified_time\" content=\"2024-07-23T17:53:11+00:00\" \/>\n<meta name=\"twitter:card\" content=\"summary_large_image\" \/>\n<meta name=\"twitter:label1\" content=\"\uc608\uc0c1 \ub418\ub294 \ud310\ub3c5 \uc2dc\uac04\" \/>\n\t<meta name=\"twitter:data1\" content=\"3\ubd84\" \/>\n<script type=\"application\/ld+json\" class=\"yoast-schema-graph\">{\"@context\":\"https:\\\/\\\/schema.org\",\"@graph\":[{\"@type\":\"WebPage\",\"@id\":\"https:\\\/\\\/naleialoha.com\\\/privacy-policy-2\\\/\",\"url\":\"https:\\\/\\\/naleialoha.com\\\/privacy-policy-2\\\/\",\"name\":\"Privacy Policy - N\u0101 Lei Aloha\",\"isPartOf\":{\"@id\":\"https:\\\/\\\/naleialoha.com\\\/#website\"},\"datePublished\":\"2024-07-12T21:40:09+00:00\",\"dateModified\":\"2024-07-23T17:53:11+00:00\",\"breadcrumb\":{\"@id\":\"https:\\\/\\\/naleialoha.com\\\/privacy-policy-2\\\/#breadcrumb\"},\"inLanguage\":\"ko-KR\",\"potentialAction\":[{\"@type\":\"ReadAction\",\"target\":[\"https:\\\/\\\/naleialoha.com\\\/privacy-policy-2\\\/\"]}]},{\"@type\":\"BreadcrumbList\",\"@id\":\"https:\\\/\\\/naleialoha.com\\\/privacy-policy-2\\\/#breadcrumb\",\"itemListElement\":[{\"@type\":\"ListItem\",\"position\":1,\"name\":\"Home\",\"item\":\"https:\\\/\\\/naleialoha.com\\\/\"},{\"@type\":\"ListItem\",\"position\":2,\"name\":\"Privacy Policy\"}]},{\"@type\":\"WebSite\",\"@id\":\"https:\\\/\\\/naleialoha.com\\\/#website\",\"url\":\"https:\\\/\\\/naleialoha.com\\\/\",\"name\":\"N\u0101 Lei Aloha\",\"description\":\"Celebrating Hawai\u02bbi\u02bbs Unique Expression of Love\",\"publisher\":{\"@id\":\"https:\\\/\\\/naleialoha.com\\\/#organization\"},\"potentialAction\":[{\"@type\":\"SearchAction\",\"target\":{\"@type\":\"EntryPoint\",\"urlTemplate\":\"https:\\\/\\\/naleialoha.com\\\/?s={search_term_string}\"},\"query-input\":{\"@type\":\"PropertyValueSpecification\",\"valueRequired\":true,\"valueName\":\"search_term_string\"}}],\"inLanguage\":\"ko-KR\"},{\"@type\":\"Organization\",\"@id\":\"https:\\\/\\\/naleialoha.com\\\/#organization\",\"name\":\"N\u0101 Lei Aloha\",\"url\":\"https:\\\/\\\/naleialoha.com\\\/\",\"logo\":{\"@type\":\"ImageObject\",\"inLanguage\":\"ko-KR\",\"@id\":\"https:\\\/\\\/naleialoha.com\\\/#\\\/schema\\\/logo\\\/image\\\/\",\"url\":\"https:\\\/\\\/naleialoha.com\\\/wp-content\\\/uploads\\\/2024\\\/07\\\/logo.svg\",\"contentUrl\":\"https:\\\/\\\/naleialoha.com\\\/wp-content\\\/uploads\\\/2024\\\/07\\\/logo.svg\",\"width\":\"1024\",\"height\":\"1024\",\"caption\":\"N\u0101 Lei Aloha\"},\"image\":{\"@id\":\"https:\\\/\\\/naleialoha.com\\\/#\\\/schema\\\/logo\\\/image\\\/\"},\"sameAs\":[\"https:\\\/\\\/www.instagram.com\\\/naleialohaluau\\\/\"]}]}<\/script>\n<!-- \/ Yoast SEO plugin. -->","yoast_head_json":{"title":"Privacy Policy - N\u0101 Lei Aloha","robots":{"index":"index","follow":"follow","max-snippet":"max-snippet:-1","max-image-preview":"max-image-preview:large","max-video-preview":"max-video-preview:-1"},"canonical":"https:\/\/naleialoha.com\/kr\/privacy-policy-2\/","og_locale":"ko_KR","og_type":"article","og_title":"Privacy Policy - N\u0101 Lei Aloha","og_description":"Privacy Policy for N\u0101 Lei Aloha 1. Introduction At N\u0101 Lei Aloha, accessible from naleialoha.com, one of our main priorities is the privacy of our visitors. This Privacy Policy document contains types of information that is collected and recorded by N\u0101 Lei Aloha and how we use it. If you have additional questions or require [&hellip;]","og_url":"https:\/\/naleialoha.com\/kr\/privacy-policy-2\/","og_site_name":"N\u0101 Lei Aloha","article_modified_time":"2024-07-23T17:53:11+00:00","twitter_card":"summary_large_image","twitter_misc":{"\uc608\uc0c1 \ub418\ub294 \ud310\ub3c5 \uc2dc\uac04":"3\ubd84"},"schema":{"@context":"https:\/\/schema.org","@graph":[{"@type":"WebPage","@id":"https:\/\/naleialoha.com\/privacy-policy-2\/","url":"https:\/\/naleialoha.com\/privacy-policy-2\/","name":"Privacy Policy - N\u0101 Lei Aloha","isPartOf":{"@id":"https:\/\/naleialoha.com\/#website"},"datePublished":"2024-07-12T21:40:09+00:00","dateModified":"2024-07-23T17:53:11+00:00","breadcrumb":{"@id":"https:\/\/naleialoha.com\/privacy-policy-2\/#breadcrumb"},"inLanguage":"ko-KR","potentialAction":[{"@type":"ReadAction","target":["https:\/\/naleialoha.com\/privacy-policy-2\/"]}]},{"@type":"BreadcrumbList","@id":"https:\/\/naleialoha.com\/privacy-policy-2\/#breadcrumb","itemListElement":[{"@type":"ListItem","position":1,"name":"Home","item":"https:\/\/naleialoha.com\/"},{"@type":"ListItem","position":2,"name":"Privacy Policy"}]},{"@type":"WebSite","@id":"https:\/\/naleialoha.com\/#website","url":"https:\/\/naleialoha.com\/","name":"\ub098 \ub808\uc774 \uc54c\ub85c\ud558","description":"\ud558\uc640\uc774\ub9cc\uc758 \ub3c5\ud2b9\ud55c \uc0ac\ub791\uc758 \ud45c\ud604\uc744 \uae30\ub150\ud558\uba70","publisher":{"@id":"https:\/\/naleialoha.com\/#organization"},"potentialAction":[{"@type":"SearchAction","target":{"@type":"EntryPoint","urlTemplate":"https:\/\/naleialoha.com\/?s={search_term_string}"},"query-input":{"@type":"PropertyValueSpecification","valueRequired":true,"valueName":"search_term_string"}}],"inLanguage":"ko-KR"},{"@type":"Organization","@id":"https:\/\/naleialoha.com\/#organization","name":"\ub098 \ub808\uc774 \uc54c\ub85c\ud558","url":"https:\/\/naleialoha.com\/","logo":{"@type":"ImageObject","inLanguage":"ko-KR","@id":"https:\/\/naleialoha.com\/#\/schema\/logo\/image\/","url":"https:\/\/naleialoha.com\/wp-content\/uploads\/2024\/07\/logo.svg","contentUrl":"https:\/\/naleialoha.com\/wp-content\/uploads\/2024\/07\/logo.svg","width":"1024","height":"1024","caption":"N\u0101 Lei Aloha"},"image":{"@id":"https:\/\/naleialoha.com\/#\/schema\/logo\/image\/"},"sameAs":["https:\/\/www.instagram.com\/naleialohaluau\/"]}]}},"_links":{"self":[{"href":"https:\/\/naleialoha.com\/kr\/wp-json\/wp\/v2\/pages\/16","targetHints":{"allow":["GET"]}}],"collection":[{"href":"https:\/\/naleialoha.com\/kr\/wp-json\/wp\/v2\/pages"}],"about":[{"href":"https:\/\/naleialoha.com\/kr\/wp-json\/wp\/v2\/types\/page"}],"author":[{"embeddable":true,"href":"https:\/\/naleialoha.com\/kr\/wp-json\/wp\/v2\/users\/4"}],"replies":[{"embeddable":true,"href":"https:\/\/naleialoha.com\/kr\/wp-json\/wp\/v2\/comments?post=16"}],"version-history":[{"count":3,"href":"https:\/\/naleialoha.com\/kr\/wp-json\/wp\/v2\/pages\/16\/revisions"}],"predecessor-version":[{"id":712,"href":"https:\/\/naleialoha.com\/kr\/wp-json\/wp\/v2\/pages\/16\/revisions\/712"}],"wp:attachment":[{"href":"https:\/\/naleialoha.com\/kr\/wp-json\/wp\/v2\/media?parent=16"}],"curies":[{"name":"wp","href":"https:\/\/api.w.org\/{rel}","templated":true}]}}